{"id":951,"date":"2025-12-09T13:28:29","date_gmt":"2025-12-09T16:28:29","guid":{"rendered":"https:\/\/enteri.com.br\/?page_id=951"},"modified":"2026-04-01T14:37:55","modified_gmt":"2026-04-01T17:37:55","slug":"tratamento-de-efluentes-industriais","status":"publish","type":"page","link":"https:\/\/enteri.com.br\/?page_id=951","title":{"rendered":"\u00c1gua de Rios para Uso Industrial"},"content":{"rendered":"\t\t<div data-elementor-type=\"wp-page\" data-elementor-id=\"951\" class=\"elementor elementor-951\" data-elementor-post-type=\"page\">\n\t\t\t\t<div class=\"elementor-element elementor-element-b812902 e-flex e-con-boxed e-con e-parent\" data-id=\"b812902\" data-element_type=\"container\">\n\t\t\t\t\t<div class=\"e-con-inner\">\n\t\t\t\t<div class=\"elementor-element elementor-element-a6335f9 elementor-widget elementor-widget-heading\" data-id=\"a6335f9\" data-element_type=\"widget\" data-widget_type=\"heading.default\">\n\t\t\t\t<div class=\"elementor-widget-container\">\n\t\t\t\t\t<h2 class=\"elementor-heading-title elementor-size-default\">A Import\u00e2ncia do tratamento<\/h2>\t\t\t\t<\/div>\n\t\t\t\t<\/div>\n\t\t\t\t\t<\/div>\n\t\t\t\t<\/div>\n\t\t<div class=\"elementor-element elementor-element-e7fcaf2 e-flex e-con-boxed e-con e-parent\" data-id=\"e7fcaf2\" data-element_type=\"container\">\n\t\t\t\t\t<div class=\"e-con-inner\">\n\t\t\t\t<div class=\"elementor-element elementor-element-2e46921 elementor-widget elementor-widget-text-editor\" data-id=\"2e46921\" data-element_type=\"widget\" data-widget_type=\"text-editor.default\">\n\t\t\t\t<div class=\"elementor-widget-container\">\n\t\t\t\t\t\t\t\t\t<p>O tratamento de \u00e1guas de rios para uso industrial \u00e9 fundamental para garantir efici\u00eancia operacional, sustentabilidade ambiental e conformidade legal das atividades produtivas.<\/p><p>\u00a0<\/p><p>A \u00e1gua bruta dos rios cont\u00e9m s\u00f3lidos, mat\u00e9ria org\u00e2nica, microrganismos e contaminantes qu\u00edmicos que podem danificar equipamentos, comprometer processos industriais e gerar riscos \u00e0 qualidade dos produtos.<\/p><p>\u00a0<\/p><p>Ao trat\u00e1-la adequadamente, as empresas asseguram um suprimento h\u00eddrico est\u00e1vel, reduzem custos com manuten\u00e7\u00e3o e prolongam a vida \u00fatil de sistemas e maquin\u00e1rios.<\/p><p>\u00a0<\/p><p>Al\u00e9m disso, o tratamento adequado contribui para a redu\u00e7\u00e3o do consumo de \u00e1gua pot\u00e1vel e de aqu\u00edferos, promovendo o uso racional dos recursos naturais. Tamb\u00e9m assegura o atendimento \u00e0s normas ambientais e evita penalidades decorrentes da utiliza\u00e7\u00e3o de \u00e1gua inadequada.<\/p><p>\u00a0<\/p><p>Assim, o tratamento de \u00e1guas de rios se torna um fator estrat\u00e9gico para a competitividade industrial, alinhando produtividade, economia e responsabilidade ambiental.<\/p>\t\t\t\t\t\t\t\t<\/div>\n\t\t\t\t<\/div>\n\t\t\t\t\t<\/div>\n\t\t\t\t<\/div>\n\t\t<div class=\"elementor-element elementor-element-93e9e7f e-flex e-con-boxed e-con e-parent\" data-id=\"93e9e7f\" data-element_type=\"container\">\n\t\t\t\t\t<div class=\"e-con-inner\">\n\t\t\t\t<div class=\"elementor-element elementor-element-8434080 elementor-widget elementor-widget-heading\" data-id=\"8434080\" data-element_type=\"widget\" data-widget_type=\"heading.default\">\n\t\t\t\t<div class=\"elementor-widget-container\">\n\t\t\t\t\t<h2 class=\"elementor-heading-title elementor-size-default\">A nossa contribui\u00e7\u00e3o<\/h2>\t\t\t\t<\/div>\n\t\t\t\t<\/div>\n\t\t\t\t\t<\/div>\n\t\t\t\t<\/div>\n\t\t<div class=\"elementor-element elementor-element-794372b e-flex e-con-boxed e-con e-parent\" data-id=\"794372b\" data-element_type=\"container\">\n\t\t\t\t\t<div class=\"e-con-inner\">\n\t\t\t\t<div class=\"elementor-element elementor-element-5283792 elementor-widget elementor-widget-text-editor\" data-id=\"5283792\" data-element_type=\"widget\" data-widget_type=\"text-editor.default\">\n\t\t\t\t<div class=\"elementor-widget-container\">\n\t\t\t\t\t\t\t\t\t<p>Ensaios realizados pela <span style=\"color: #1f7373;\"><strong>ENTERI<\/strong><\/span> com uma capta\u00e7\u00e3o do Rio Igua\u00e7u, mostraram que o uso do EOR \u00e9 capaz de reduzir significativamente: turbidez, cor, ferro e fosfato.<\/p><p>\u00a0<\/p><p>Ao final do tratamento com a solu\u00e7\u00e3o <strong><span style=\"color: #1f7373;\">ENTERI<\/span><\/strong> a \u00e1gua est\u00e1 apta para ser utilizada em processos industriais sem necessidade insumos qu\u00edmicos adicionais.<\/p><p>\u00a0<\/p><p>Vale destacar que as unidades modulares da nossa empresa permitem opera\u00e7\u00e3o cont\u00ednua ou intermitente, com alta efici\u00eancia e baixo custo operacional, preservando assim, recursos e reduzindo a depend\u00eancia das fontes tradicionais de abastecimento.<\/p>\t\t\t\t\t\t\t\t<\/div>\n\t\t\t\t<\/div>\n\t\t\t\t\t<\/div>\n\t\t\t\t<\/div>\n\t\t<div class=\"elementor-element elementor-element-e4a3eab e-con-full e-flex e-con e-parent\" data-id=\"e4a3eab\" data-element_type=\"container\">\n\t\t\t\t<div class=\"elementor-element elementor-element-6668ed7 elementor-view-default elementor-widget elementor-widget-icon\" data-id=\"6668ed7\" data-element_type=\"widget\" data-widget_type=\"icon.default\">\n\t\t\t\t<div class=\"elementor-widget-container\">\n\t\t\t\t\t\t\t<div class=\"elementor-icon-wrapper\">\n\t\t\t<div class=\"elementor-icon\">\n\t\t\t<svg aria-hidden=\"true\" class=\"e-font-icon-svg e-fas-recycle\" viewBox=\"0 0 512 512\" xmlns=\"http:\/\/www.w3.org\/2000\/svg\"><path d=\"M184.561 261.903c3.232 13.997-12.123 24.635-24.068 17.168l-40.736-25.455-50.867 81.402C55.606 356.273 70.96 384 96.012 384H148c6.627 0 12 5.373 12 12v40c0 6.627-5.373 12-12 12H96.115c-75.334 0-121.302-83.048-81.408-146.88l50.822-81.388-40.725-25.448c-12.081-7.547-8.966-25.961 4.879-29.158l110.237-25.45c8.611-1.988 17.201 3.381 19.189 11.99l25.452 110.237zm98.561-182.915l41.289 66.076-40.74 25.457c-12.051 7.528-9 25.953 4.879 29.158l110.237 25.45c8.672 1.999 17.215-3.438 19.189-11.99l25.45-110.237c3.197-13.844-11.99-24.719-24.068-17.168l-40.687 25.424-41.263-66.082c-37.521-60.033-125.209-60.171-162.816 0l-17.963 28.766c-3.51 5.62-1.8 13.021 3.82 16.533l33.919 21.195c5.62 3.512 13.024 1.803 16.536-3.817l17.961-28.743c12.712-20.341 41.973-19.676 54.257-.022zM497.288 301.12l-27.515-44.065c-3.511-5.623-10.916-7.334-16.538-3.821l-33.861 21.159c-5.62 3.512-7.33 10.915-3.818 16.536l27.564 44.112c13.257 21.211-2.057 48.96-27.136 48.96H320V336.02c0-14.213-17.242-21.383-27.313-11.313l-80 79.981c-6.249 6.248-6.249 16.379 0 22.627l80 79.989C302.689 517.308 320 510.3 320 495.989V448h95.88c75.274 0 121.335-82.997 81.408-146.88z\"><\/path><\/svg>\t\t\t<\/div>\n\t\t<\/div>\n\t\t\t\t\t\t<\/div>\n\t\t\t\t<\/div>\n\t\t\t\t<\/div>\n\t\t<div class=\"elementor-element elementor-element-530309c e-grid e-con-boxed e-con e-parent\" data-id=\"530309c\" data-element_type=\"container\">\n\t\t\t\t\t<div class=\"e-con-inner\">\n\t\t\t\t<div class=\"elementor-element elementor-element-c6bb5cf elementor-widget elementor-widget-image\" data-id=\"c6bb5cf\" data-element_type=\"widget\" data-widget_type=\"image.default\">\n\t\t\t\t<div class=\"elementor-widget-container\">\n\t\t\t\t\t\t\t\t\t\t\t\t<figure class=\"wp-caption\">\n\t\t\t\t\t\t\t\t\t\t<img fetchpriority=\"high\" decoding=\"async\" width=\"1024\" height=\"846\" src=\"https:\/\/enteri.com.br\/wp-content\/uploads\/2026\/03\/RioIguacu-1024x846.jpeg\" class=\"attachment-large size-large wp-image-2340\" alt=\"\" srcset=\"https:\/\/enteri.com.br\/wp-content\/uploads\/2026\/03\/RioIguacu-1024x846.jpeg 1024w, https:\/\/enteri.com.br\/wp-content\/uploads\/2026\/03\/RioIguacu-300x248.jpeg 300w, https:\/\/enteri.com.br\/wp-content\/uploads\/2026\/03\/RioIguacu-768x635.jpeg 768w, https:\/\/enteri.com.br\/wp-content\/uploads\/2026\/03\/RioIguacu.jpeg 1111w\" sizes=\"(max-width: 1024px) 100vw, 1024px\" \/>\t\t\t\t\t\t\t\t\t\t\t<figcaption class=\"widget-image-caption wp-caption-text\">Rio Igua\u00e7u<\/figcaption>\n\t\t\t\t\t\t\t\t\t\t<\/figure>\n\t\t\t\t\t\t\t\t\t<\/div>\n\t\t\t\t<\/div>\n\t\t\t\t<div class=\"elementor-element elementor-element-12b09df elementor-widget elementor-widget-image\" data-id=\"12b09df\" data-element_type=\"widget\" data-widget_type=\"image.default\">\n\t\t\t\t<div class=\"elementor-widget-container\">\n\t\t\t\t\t\t\t\t\t\t\t\t<figure class=\"wp-caption\">\n\t\t\t\t\t\t\t\t\t\t<img decoding=\"async\" width=\"861\" height=\"657\" src=\"https:\/\/enteri.com.br\/wp-content\/uploads\/2026\/04\/LagoaEuzebio.jpeg\" class=\"attachment-large size-large wp-image-2436\" alt=\"\" srcset=\"https:\/\/enteri.com.br\/wp-content\/uploads\/2026\/04\/LagoaEuzebio.jpeg 861w, https:\/\/enteri.com.br\/wp-content\/uploads\/2026\/04\/LagoaEuzebio-300x229.jpeg 300w, https:\/\/enteri.com.br\/wp-content\/uploads\/2026\/04\/LagoaEuzebio-768x586.jpeg 768w\" sizes=\"(max-width: 861px) 100vw, 861px\" \/>\t\t\t\t\t\t\t\t\t\t\t<figcaption class=\"widget-image-caption wp-caption-text\">Lagoa Eus\u00e9bio<\/figcaption>\n\t\t\t\t\t\t\t\t\t\t<\/figure>\n\t\t\t\t\t\t\t\t\t<\/div>\n\t\t\t\t<\/div>\n\t\t\t\t\t<\/div>\n\t\t\t\t<\/div>\n\t\t<div class=\"elementor-element elementor-element-c59a792 e-flex e-con-boxed e-con e-parent\" data-id=\"c59a792\" data-element_type=\"container\">\n\t\t\t\t\t<div class=\"e-con-inner\">\n\t\t\t\t<div class=\"elementor-element elementor-element-d8c80ef elementor-align-center elementor-widget elementor-widget-button\" data-id=\"d8c80ef\" data-element_type=\"widget\" data-widget_type=\"button.default\">\n\t\t\t\t<div class=\"elementor-widget-container\">\n\t\t\t\t\t\t\t\t\t<div class=\"elementor-button-wrapper\">\n\t\t\t\t\t<a class=\"elementor-button elementor-button-link elementor-size-sm\" href=\"https:\/\/enteri.com.br\/?page_id=699\">\n\t\t\t\t\t\t<span class=\"elementor-button-content-wrapper\">\n\t\t\t\t\t\t\t\t\t<span class=\"elementor-button-text\">&lt; Voltar<\/span>\n\t\t\t\t\t<\/span>\n\t\t\t\t\t<\/a>\n\t\t\t\t<\/div>\n\t\t\t\t\t\t\t\t<\/div>\n\t\t\t\t<\/div>\n\t\t\t\t\t<\/div>\n\t\t\t\t<\/div>\n\t\t\t\t<\/div>\n\t\t","protected":false},"excerpt":{"rendered":"<p>A Import\u00e2ncia do tratamento O tratamento de \u00e1guas de rios para uso industrial \u00e9 fundamental para garantir efici\u00eancia operacional, sustentabilidade ambiental e conformidade legal das atividades produtivas. \u00a0 A \u00e1gua bruta dos rios cont\u00e9m s\u00f3lidos, mat\u00e9ria org\u00e2nica, microrganismos e contaminantes qu\u00edmicos que podem danificar equipamentos, comprometer processos industriais e gerar riscos \u00e0 qualidade dos produtos. [&hellip;]<\/p>\n","protected":false},"author":1,"featured_media":0,"parent":0,"menu_order":0,"comment_status":"closed","ping_status":"closed","template":"","meta":{"footnotes":""},"class_list":["post-951","page","type-page","status-publish","hentry"],"_links":{"self":[{"href":"https:\/\/enteri.com.br\/index.php?rest_route=\/wp\/v2\/pages\/951","targetHints":{"allow":["GET"]}}],"collection":[{"href":"https:\/\/enteri.com.br\/index.php?rest_route=\/wp\/v2\/pages"}],"about":[{"href":"https:\/\/enteri.com.br\/index.php?rest_route=\/wp\/v2\/types\/page"}],"author":[{"embeddable":true,"href":"https:\/\/enteri.com.br\/index.php?rest_route=\/wp\/v2\/users\/1"}],"replies":[{"embeddable":true,"href":"https:\/\/enteri.com.br\/index.php?rest_route=%2Fwp%2Fv2%2Fcomments&post=951"}],"version-history":[{"count":57,"href":"https:\/\/enteri.com.br\/index.php?rest_route=\/wp\/v2\/pages\/951\/revisions"}],"predecessor-version":[{"id":2445,"href":"https:\/\/enteri.com.br\/index.php?rest_route=\/wp\/v2\/pages\/951\/revisions\/2445"}],"wp:attachment":[{"href":"https:\/\/enteri.com.br\/index.php?rest_route=%2Fwp%2Fv2%2Fmedia&parent=951"}],"curies":[{"name":"wp","href":"https:\/\/api.w.org\/{rel}","templated":true}]}}