{"id":933,"date":"2025-12-09T11:56:31","date_gmt":"2025-12-09T14:56:31","guid":{"rendered":"https:\/\/enteri.com.br\/?page_id=933"},"modified":"2026-03-31T14:10:33","modified_gmt":"2026-03-31T17:10:33","slug":"despoluicao-de-rios","status":"publish","type":"page","link":"https:\/\/enteri.com.br\/?page_id=933","title":{"rendered":"Despolui\u00e7\u00e3o de Corpos H\u00eddricos"},"content":{"rendered":"\t\t<div data-elementor-type=\"wp-page\" data-elementor-id=\"933\" class=\"elementor elementor-933\" data-elementor-post-type=\"page\">\n\t\t\t\t<div class=\"elementor-element elementor-element-d517f14 e-flex e-con-boxed e-con e-parent\" data-id=\"d517f14\" data-element_type=\"container\">\n\t\t\t\t\t<div class=\"e-con-inner\">\n\t\t\t\t<div class=\"elementor-element elementor-element-a268469 elementor-widget elementor-widget-heading\" data-id=\"a268469\" data-element_type=\"widget\" data-widget_type=\"heading.default\">\n\t\t\t\t<div class=\"elementor-widget-container\">\n\t\t\t\t\t<h2 class=\"elementor-heading-title elementor-size-default\">Despolui\u00e7\u00e3o de Rios<\/h2>\t\t\t\t<\/div>\n\t\t\t\t<\/div>\n\t\t\t\t\t<\/div>\n\t\t\t\t<\/div>\n\t\t<div class=\"elementor-element elementor-element-27606fe e-flex e-con-boxed e-con e-parent\" data-id=\"27606fe\" data-element_type=\"container\">\n\t\t\t\t\t<div class=\"e-con-inner\">\n\t\t\t\t<div class=\"elementor-element elementor-element-6741159 elementor-widget__width-initial elementor-widget elementor-widget-text-editor\" data-id=\"6741159\" data-element_type=\"widget\" data-widget_type=\"text-editor.default\">\n\t\t\t\t<div class=\"elementor-widget-container\">\n\t\t\t\t\t\t\t\t\t<p>Os sistemas da <span style=\"color: #1f7373;\"><strong>ENTERI<\/strong><\/span> atuam diretamente na melhoria de corpos h\u00eddricos polu\u00eddos, reduzindo turbidez, SST, DBO, DQO, fosfatos, sulfatos, metais pesados e outros contaminantes respons\u00e1veis pelo desequil\u00edbrio ecol\u00f3gico.<\/p><p>\u00a0<\/p><p>Os resultados obtidos em ensaios, como os realizados no Rio Pinheiros, demostram redu\u00e7\u00e3o dr\u00e1stica de poluentes e de E. coli, favorecendo assim a recupera\u00e7\u00e3o do bioma, e estabiliza\u00e7\u00e3o do ecossistema e poss\u00edvel uso recreativo e paisagismo das \u00e1guas restauradas.<\/p><p>\u00a0<\/p><p>A abordagem prioriza o controle de carga org\u00e2nica, regenera\u00e7\u00e3o h\u00eddrica e mitiga\u00e7\u00e3o de impactos ambientais, sociais e econ\u00f4micos.<\/p>\t\t\t\t\t\t\t\t<\/div>\n\t\t\t\t<\/div>\n\t\t<div class=\"elementor-element elementor-element-d00af06 e-grid e-con-full e-con e-child\" data-id=\"d00af06\" data-element_type=\"container\">\n\t\t\t\t<div class=\"elementor-element elementor-element-2237272 elementor-widget elementor-widget-image\" data-id=\"2237272\" data-element_type=\"widget\" data-widget_type=\"image.default\">\n\t\t\t\t<div class=\"elementor-widget-container\">\n\t\t\t\t\t\t\t\t\t\t\t\t\t\t\t<img fetchpriority=\"high\" decoding=\"async\" width=\"720\" height=\"480\" src=\"https:\/\/enteri.com.br\/wp-content\/uploads\/2026\/03\/SkylinePinheiros.jpeg\" class=\"attachment-large size-large wp-image-2335\" alt=\"\" srcset=\"https:\/\/enteri.com.br\/wp-content\/uploads\/2026\/03\/SkylinePinheiros.jpeg 720w, https:\/\/enteri.com.br\/wp-content\/uploads\/2026\/03\/SkylinePinheiros-300x200.jpeg 300w\" sizes=\"(max-width: 720px) 100vw, 720px\" \/>\t\t\t\t\t\t\t\t\t\t\t\t\t\t\t<\/div>\n\t\t\t\t<\/div>\n\t\t\t\t<div class=\"elementor-element elementor-element-c2f627f elementor-widget elementor-widget-image\" data-id=\"c2f627f\" data-element_type=\"widget\" data-widget_type=\"image.default\">\n\t\t\t\t<div class=\"elementor-widget-container\">\n\t\t\t\t\t\t\t\t\t\t\t\t\t\t\t<img decoding=\"async\" width=\"800\" height=\"636\" src=\"https:\/\/enteri.com.br\/wp-content\/uploads\/2026\/03\/Foz-de-Rio.jpg\" class=\"attachment-large size-large wp-image-2409\" alt=\"\" srcset=\"https:\/\/enteri.com.br\/wp-content\/uploads\/2026\/03\/Foz-de-Rio.jpg 800w, https:\/\/enteri.com.br\/wp-content\/uploads\/2026\/03\/Foz-de-Rio-300x239.jpg 300w, https:\/\/enteri.com.br\/wp-content\/uploads\/2026\/03\/Foz-de-Rio-768x611.jpg 768w\" sizes=\"(max-width: 800px) 100vw, 800px\" \/>\t\t\t\t\t\t\t\t\t\t\t\t\t\t\t<\/div>\n\t\t\t\t<\/div>\n\t\t\t\t<div class=\"elementor-element elementor-element-deab529 elementor-widget elementor-widget-image\" data-id=\"deab529\" data-element_type=\"widget\" data-widget_type=\"image.default\">\n\t\t\t\t<div class=\"elementor-widget-container\">\n\t\t\t\t\t\t\t\t\t\t\t\t\t\t\t<img decoding=\"async\" width=\"843\" height=\"636\" src=\"https:\/\/enteri.com.br\/wp-content\/uploads\/2026\/03\/Corrego-poluido.jpg\" class=\"attachment-large size-large wp-image-2408\" alt=\"\" srcset=\"https:\/\/enteri.com.br\/wp-content\/uploads\/2026\/03\/Corrego-poluido.jpg 843w, https:\/\/enteri.com.br\/wp-content\/uploads\/2026\/03\/Corrego-poluido-300x226.jpg 300w, https:\/\/enteri.com.br\/wp-content\/uploads\/2026\/03\/Corrego-poluido-768x579.jpg 768w\" sizes=\"(max-width: 843px) 100vw, 843px\" \/>\t\t\t\t\t\t\t\t\t\t\t\t\t\t\t<\/div>\n\t\t\t\t<\/div>\n\t\t\t\t<\/div>\n\t\t\t\t<div class=\"elementor-element elementor-element-9f85e41 elementor-widget elementor-widget-heading\" data-id=\"9f85e41\" data-element_type=\"widget\" data-widget_type=\"heading.default\">\n\t\t\t\t<div class=\"elementor-widget-container\">\n\t\t\t\t\t<h2 class=\"elementor-heading-title elementor-size-default\">Import\u00e2ncia do Tratamento da \u00c1gua<\/h2>\t\t\t\t<\/div>\n\t\t\t\t<\/div>\n\t\t\t\t<div class=\"elementor-element elementor-element-0b6bf4d elementor-widget__width-initial elementor-widget elementor-widget-text-editor\" data-id=\"0b6bf4d\" data-element_type=\"widget\" data-widget_type=\"text-editor.default\">\n\t\t\t\t<div class=\"elementor-widget-container\">\n\t\t\t\t\t\t\t\t\t<p><strong><span style=\"color: #1f7373;\">\u2713<\/span><\/strong> Perda de biodiversidade e bioinvas\u00f5es;<\/p><p><strong><span style=\"color: #1f7373;\">\u2713<\/span><\/strong> Altera\u00e7\u00e3o da composi\u00e7\u00e3o das esp\u00e9cies causando desequil\u00edbrio do Bioma;<\/p><p><strong><span style=\"color: #1f7373;\">\u2713<\/span><\/strong> Efeitos t\u00f3xicos;<\/p><p><strong><span style=\"color: #1f7373;\">\u2713<\/span><\/strong> Assoreamento (aumento de lodos);<\/p><p>\u00a0\u00a0\u00a0\u00a0\u00a0\u00a0\u00a0\u00a0\u00a0\u00a0 <strong><span style=\"color: #1f7373;\">\u2713<\/span><\/strong> Efeitos sociais; preju\u00edzos econ\u00f4micos<\/p>\t\t\t\t\t\t\t\t<\/div>\n\t\t\t\t<\/div>\n\t\t\t\t\t<\/div>\n\t\t\t\t<\/div>\n\t\t<div class=\"elementor-element elementor-element-e81f2f5 e-flex e-con-boxed e-con e-parent\" data-id=\"e81f2f5\" data-element_type=\"container\">\n\t\t\t\t\t<div class=\"e-con-inner\">\n\t\t\t\t<div class=\"elementor-element elementor-element-869d80c elementor-view-default elementor-widget elementor-widget-icon\" data-id=\"869d80c\" data-element_type=\"widget\" data-widget_type=\"icon.default\">\n\t\t\t\t<div class=\"elementor-widget-container\">\n\t\t\t\t\t\t\t<div class=\"elementor-icon-wrapper\">\n\t\t\t<div class=\"elementor-icon\">\n\t\t\t<svg aria-hidden=\"true\" class=\"e-font-icon-svg e-fas-arrow-down\" viewBox=\"0 0 448 512\" xmlns=\"http:\/\/www.w3.org\/2000\/svg\"><path d=\"M413.1 222.5l22.2 22.2c9.4 9.4 9.4 24.6 0 33.9L241 473c-9.4 9.4-24.6 9.4-33.9 0L12.7 278.6c-9.4-9.4-9.4-24.6 0-33.9l22.2-22.2c9.5-9.5 25-9.3 34.3.4L184 343.4V56c0-13.3 10.7-24 24-24h32c13.3 0 24 10.7 24 24v287.4l114.8-120.5c9.3-9.8 24.8-10 34.3-.4z\"><\/path><\/svg>\t\t\t<\/div>\n\t\t<\/div>\n\t\t\t\t\t\t<\/div>\n\t\t\t\t<\/div>\n\t\t\t\t\t<\/div>\n\t\t\t\t<\/div>\n\t\t<div class=\"elementor-element elementor-element-0ef4045 e-con-full e-flex e-con e-parent\" data-id=\"0ef4045\" data-element_type=\"container\">\n\t\t\t\t<div class=\"elementor-element elementor-element-738f6aa elementor-widget elementor-widget-heading\" data-id=\"738f6aa\" data-element_type=\"widget\" data-widget_type=\"heading.default\">\n\t\t\t\t<div class=\"elementor-widget-container\">\n\t\t\t\t\t<h2 class=\"elementor-heading-title elementor-size-default\">Diretrizes<\/h2>\t\t\t\t<\/div>\n\t\t\t\t<\/div>\n\t\t\t\t<\/div>\n\t\t<div class=\"elementor-element elementor-element-236da00 e-flex e-con-boxed e-con e-parent\" data-id=\"236da00\" data-element_type=\"container\">\n\t\t\t\t\t<div class=\"e-con-inner\">\n\t\t\t\t<div class=\"elementor-element elementor-element-0b35387 elementor-widget__width-initial elementor-widget elementor-widget-text-editor\" data-id=\"0b35387\" data-element_type=\"widget\" data-widget_type=\"text-editor.default\">\n\t\t\t\t<div class=\"elementor-widget-container\">\n\t\t\t\t\t\t\t\t\t<p style=\"text-align: center;\"><strong><span style=\"color: #1f7373;\">\u2713<\/span><\/strong> Atuar na redu\u00e7\u00e3o e ingresso de nutrientes e substratos org\u00e2nicos, em locais com maior \u00edndice de polui\u00e7\u00e3o.<\/p><p><strong><span style=\"color: #1f7373;\">\u2713<\/span><\/strong> Reduzir turbidez, s\u00f3lidos totais, DBO, DQO.<\/p>\t\t\t\t\t\t\t\t<\/div>\n\t\t\t\t<\/div>\n\t\t\t\t\t<\/div>\n\t\t\t\t<\/div>\n\t\t<div class=\"elementor-element elementor-element-1cb8aee e-flex e-con-boxed e-con e-parent\" data-id=\"1cb8aee\" data-element_type=\"container\">\n\t\t\t\t\t<div class=\"e-con-inner\">\n\t\t\t\t<div class=\"elementor-element elementor-element-3ce381e elementor-view-default elementor-widget elementor-widget-icon\" data-id=\"3ce381e\" data-element_type=\"widget\" data-widget_type=\"icon.default\">\n\t\t\t\t<div class=\"elementor-widget-container\">\n\t\t\t\t\t\t\t<div class=\"elementor-icon-wrapper\">\n\t\t\t<div class=\"elementor-icon\">\n\t\t\t<svg aria-hidden=\"true\" class=\"e-font-icon-svg e-fas-arrow-down\" viewBox=\"0 0 448 512\" xmlns=\"http:\/\/www.w3.org\/2000\/svg\"><path d=\"M413.1 222.5l22.2 22.2c9.4 9.4 9.4 24.6 0 33.9L241 473c-9.4 9.4-24.6 9.4-33.9 0L12.7 278.6c-9.4-9.4-9.4-24.6 0-33.9l22.2-22.2c9.5-9.5 25-9.3 34.3.4L184 343.4V56c0-13.3 10.7-24 24-24h32c13.3 0 24 10.7 24 24v287.4l114.8-120.5c9.3-9.8 24.8-10 34.3-.4z\"><\/path><\/svg>\t\t\t<\/div>\n\t\t<\/div>\n\t\t\t\t\t\t<\/div>\n\t\t\t\t<\/div>\n\t\t\t\t<div class=\"elementor-element elementor-element-5d4db8b elementor-widget elementor-widget-heading\" data-id=\"5d4db8b\" data-element_type=\"widget\" data-widget_type=\"heading.default\">\n\t\t\t\t<div class=\"elementor-widget-container\">\n\t\t\t\t\t<h2 class=\"elementor-heading-title elementor-size-default\">Resultados<\/h2>\t\t\t\t<\/div>\n\t\t\t\t<\/div>\n\t\t\t\t\t<\/div>\n\t\t\t\t<\/div>\n\t\t<div class=\"elementor-element elementor-element-a2a5b4e e-flex e-con-boxed e-con e-parent\" data-id=\"a2a5b4e\" data-element_type=\"container\">\n\t\t\t\t\t<div class=\"e-con-inner\">\n\t\t\t\t<div class=\"elementor-element elementor-element-b744d68 elementor-widget__width-initial elementor-widget elementor-widget-text-editor\" data-id=\"b744d68\" data-element_type=\"widget\" data-widget_type=\"text-editor.default\">\n\t\t\t\t<div class=\"elementor-widget-container\">\n\t\t\t\t\t\t\t\t\t<p><strong><span style=\"color: #1f7373;\">\u2713<\/span><\/strong> Propiciar o equil\u00edbrio do ecossistema e bioma;<\/p><p><strong><span style=\"color: #1f7373;\">\u2713<\/span><\/strong> Possibilitar reserva h\u00eddrica\/reuso das \u00e1guas;\u00a0\u00a0<\/p><p><strong><span style=\"color: #1f7373;\">\u2713<\/span><\/strong> Utiliza\u00e7\u00e3o para recrea\u00e7\u00e3o, lazer e paisagismo.<\/p>\t\t\t\t\t\t\t\t<\/div>\n\t\t\t\t<\/div>\n\t\t\t\t\t<\/div>\n\t\t\t\t<\/div>\n\t\t<div class=\"elementor-element elementor-element-061cdf7 e-flex e-con-boxed e-con e-parent\" data-id=\"061cdf7\" data-element_type=\"container\">\n\t\t\t\t\t<div class=\"e-con-inner\">\n\t\t\t\t<div class=\"elementor-element elementor-element-5e13ed0 elementor-align-center elementor-widget elementor-widget-button\" data-id=\"5e13ed0\" data-element_type=\"widget\" data-widget_type=\"button.default\">\n\t\t\t\t<div class=\"elementor-widget-container\">\n\t\t\t\t\t\t\t\t\t<div class=\"elementor-button-wrapper\">\n\t\t\t\t\t<a class=\"elementor-button elementor-button-link elementor-size-sm\" href=\"https:\/\/enteri.com.br\/?page_id=699\">\n\t\t\t\t\t\t<span class=\"elementor-button-content-wrapper\">\n\t\t\t\t\t\t\t\t\t<span class=\"elementor-button-text\">&lt;   Voltar<\/span>\n\t\t\t\t\t<\/span>\n\t\t\t\t\t<\/a>\n\t\t\t\t<\/div>\n\t\t\t\t\t\t\t\t<\/div>\n\t\t\t\t<\/div>\n\t\t\t\t\t<\/div>\n\t\t\t\t<\/div>\n\t\t\t\t<\/div>\n\t\t","protected":false},"excerpt":{"rendered":"<p>Despolui\u00e7\u00e3o de Rios Os sistemas da ENTERI atuam diretamente na melhoria de corpos h\u00eddricos polu\u00eddos, reduzindo turbidez, SST, DBO, DQO, fosfatos, sulfatos, metais pesados e outros contaminantes respons\u00e1veis pelo desequil\u00edbrio ecol\u00f3gico. \u00a0 Os resultados obtidos em ensaios, como os realizados no Rio Pinheiros, demostram redu\u00e7\u00e3o dr\u00e1stica de poluentes e de E. coli, favorecendo assim a [&hellip;]<\/p>\n","protected":false},"author":1,"featured_media":0,"parent":0,"menu_order":0,"comment_status":"closed","ping_status":"closed","template":"","meta":{"footnotes":""},"class_list":["post-933","page","type-page","status-publish","hentry"],"_links":{"self":[{"href":"https:\/\/enteri.com.br\/index.php?rest_route=\/wp\/v2\/pages\/933","targetHints":{"allow":["GET"]}}],"collection":[{"href":"https:\/\/enteri.com.br\/index.php?rest_route=\/wp\/v2\/pages"}],"about":[{"href":"https:\/\/enteri.com.br\/index.php?rest_route=\/wp\/v2\/types\/page"}],"author":[{"embeddable":true,"href":"https:\/\/enteri.com.br\/index.php?rest_route=\/wp\/v2\/users\/1"}],"replies":[{"embeddable":true,"href":"https:\/\/enteri.com.br\/index.php?rest_route=%2Fwp%2Fv2%2Fcomments&post=933"}],"version-history":[{"count":149,"href":"https:\/\/enteri.com.br\/index.php?rest_route=\/wp\/v2\/pages\/933\/revisions"}],"predecessor-version":[{"id":2412,"href":"https:\/\/enteri.com.br\/index.php?rest_route=\/wp\/v2\/pages\/933\/revisions\/2412"}],"wp:attachment":[{"href":"https:\/\/enteri.com.br\/index.php?rest_route=%2Fwp%2Fv2%2Fmedia&parent=933"}],"curies":[{"name":"wp","href":"https:\/\/api.w.org\/{rel}","templated":true}]}}