{"id":699,"date":"2025-11-30T19:08:38","date_gmt":"2025-11-30T22:08:38","guid":{"rendered":"https:\/\/enteri.com.br\/?page_id=699"},"modified":"2026-03-20T16:07:07","modified_gmt":"2026-03-20T19:07:07","slug":"aplicacoes-de-tratamento-de-efluentes-enteri","status":"publish","type":"page","link":"https:\/\/enteri.com.br\/?page_id=699","title":{"rendered":"Aplica\u00e7\u00f5es"},"content":{"rendered":"\t\t<div data-elementor-type=\"wp-page\" data-elementor-id=\"699\" class=\"elementor elementor-699\" data-elementor-post-type=\"page\">\n\t\t\t\t<div class=\"elementor-element elementor-element-c56fea4 e-con-full e-flex e-con e-parent\" data-id=\"c56fea4\" data-element_type=\"container\">\n\t\t\t\t<div class=\"elementor-element elementor-element-d2afcd4 elementor-widget elementor-widget-heading\" data-id=\"d2afcd4\" data-element_type=\"widget\" data-widget_type=\"heading.default\">\n\t\t\t\t<div class=\"elementor-widget-container\">\n\t\t\t\t\t<h2 class=\"elementor-heading-title elementor-size-default\">O cliente nos traz suas necessidades, n\u00f3s entregamos a solu\u00e7\u00e3o<\/h2>\t\t\t\t<\/div>\n\t\t\t\t<\/div>\n\t\t<div class=\"elementor-element elementor-element-5fe5925 e-con-full e-flex e-con e-child\" data-id=\"5fe5925\" data-element_type=\"container\" data-settings=\"{&quot;background_background&quot;:&quot;classic&quot;}\">\n\t\t\t\t<div class=\"elementor-element elementor-element-62c4bd0 elementor-widget elementor-widget-heading\" data-id=\"62c4bd0\" data-element_type=\"widget\" data-widget_type=\"heading.default\">\n\t\t\t\t<div class=\"elementor-widget-container\">\n\t\t\t\t\t<h2 class=\"elementor-heading-title elementor-size-default\">NECESSIDADES<\/h2>\t\t\t\t<\/div>\n\t\t\t\t<\/div>\n\t\t\t\t<\/div>\n\t\t<div class=\"elementor-element elementor-element-7d4d8b0 e-con-full e-flex e-con e-child\" data-id=\"7d4d8b0\" data-element_type=\"container\">\n\t\t\t\t<div class=\"elementor-element elementor-element-12b9108 elementor-widget elementor-widget-text-editor\" data-id=\"12b9108\" data-element_type=\"widget\" data-widget_type=\"text-editor.default\">\n\t\t\t\t<div class=\"elementor-widget-container\">\n\t\t\t\t\t\t\t\t\t<p style=\"text-align: center;\">Com base nas informa\u00e7\u00f5es fornecidas respeito do efluente a ser tratado e nos testes e avalia\u00e7\u00f5es realizadas com a unidade <strong>ETHAPA<\/strong>, definimos:<\/p><p style=\"text-align: center;\"><strong><span style=\"color: var(--primary);\">\u2713<\/span>\u00a0<\/strong>Quais metodologias e equipamentos s\u00e3o necess\u00e1rios;<\/p><p style=\"text-align: center;\"><span style=\"color: var(--primary);\">\u00a0<strong>\u2713 <\/strong><\/span>Tempo de resid\u00eancia;<\/p><p style=\"text-align: center;\"><strong><span style=\"color: var(--primary);\">\u2713<\/span><\/strong>\u00a0Necessidade ou n\u00e3o de insumos;<\/p><p style=\"text-align: center;\"><strong><span style=\"color: var(--primary);\">\u2713<\/span><\/strong>\u00a0Fluxograma e ordenamento de processos.<\/p>\t\t\t\t\t\t\t\t<\/div>\n\t\t\t\t<\/div>\n\t\t\t\t<\/div>\n\t\t\t\t<div class=\"elementor-element elementor-element-0d59145 elementor-widget elementor-widget-heading\" data-id=\"0d59145\" data-element_type=\"widget\" data-widget_type=\"heading.default\">\n\t\t\t\t<div class=\"elementor-widget-container\">\n\t\t\t\t\t<h2 class=\"elementor-heading-title elementor-size-default\">SOLU\u00c7\u00d5ES<\/h2>\t\t\t\t<\/div>\n\t\t\t\t<\/div>\n\t\t<div class=\"elementor-element elementor-element-81d88b7 e-con-full e-flex e-con e-child\" data-id=\"81d88b7\" data-element_type=\"container\" data-settings=\"{&quot;background_background&quot;:&quot;classic&quot;}\">\n\t\t\t\t<div class=\"elementor-element elementor-element-9e1aeb9 elementor-align-center elementor-widget elementor-widget-button\" data-id=\"9e1aeb9\" data-element_type=\"widget\" data-widget_type=\"button.default\">\n\t\t\t\t<div class=\"elementor-widget-container\">\n\t\t\t\t\t\t\t\t\t<div class=\"elementor-button-wrapper\">\n\t\t\t\t\t<a class=\"elementor-button elementor-button-link elementor-size-sm\" href=\"https:\/\/enteri.com.br\/?page_id=933\">\n\t\t\t\t\t\t<span class=\"elementor-button-content-wrapper\">\n\t\t\t\t\t\t\t\t\t<span class=\"elementor-button-text\">\u00a0\u2713\u00a0 Despolui\u00e7\u00e3o de Corpos H\u00eddricos (Rios, Lagoas etc.)<\/span>\n\t\t\t\t\t<\/span>\n\t\t\t\t\t<\/a>\n\t\t\t\t<\/div>\n\t\t\t\t\t\t\t\t<\/div>\n\t\t\t\t<\/div>\n\t\t\t\t<div class=\"elementor-element elementor-element-434cf7b elementor-align-center elementor-widget elementor-widget-button\" data-id=\"434cf7b\" data-element_type=\"widget\" data-widget_type=\"button.default\">\n\t\t\t\t<div class=\"elementor-widget-container\">\n\t\t\t\t\t\t\t\t\t<div class=\"elementor-button-wrapper\">\n\t\t\t\t\t<a class=\"elementor-button elementor-button-link elementor-size-sm\" href=\"https:\/\/enteri.com.br\/?page_id=941\" target=\"_blank\">\n\t\t\t\t\t\t<span class=\"elementor-button-content-wrapper\">\n\t\t\t\t\t\t\t\t\t<span class=\"elementor-button-text\">\u00a0\u2713\u00a0Tratamento de Esgoto Sanit\u00e1rio e Industrial<\/span>\n\t\t\t\t\t<\/span>\n\t\t\t\t\t<\/a>\n\t\t\t\t<\/div>\n\t\t\t\t\t\t\t\t<\/div>\n\t\t\t\t<\/div>\n\t\t\t\t<div class=\"elementor-element elementor-element-a8ce8db elementor-align-center elementor-widget elementor-widget-button\" data-id=\"a8ce8db\" data-element_type=\"widget\" data-widget_type=\"button.default\">\n\t\t\t\t<div class=\"elementor-widget-container\">\n\t\t\t\t\t\t\t\t\t<div class=\"elementor-button-wrapper\">\n\t\t\t\t\t<a class=\"elementor-button elementor-button-link elementor-size-sm\" href=\"https:\/\/enteri.com.br\/?page_id=951\">\n\t\t\t\t\t\t<span class=\"elementor-button-content-wrapper\">\n\t\t\t\t\t\t\t\t\t<span class=\"elementor-button-text\">\u00a0\u2713\u00a0 \u00c1gua de Rios para Uso Industrial<\/span>\n\t\t\t\t\t<\/span>\n\t\t\t\t\t<\/a>\n\t\t\t\t<\/div>\n\t\t\t\t\t\t\t\t<\/div>\n\t\t\t\t<\/div>\n\t\t\t\t<div class=\"elementor-element elementor-element-4a515f8 elementor-align-center elementor-widget elementor-widget-button\" data-id=\"4a515f8\" data-element_type=\"widget\" data-widget_type=\"button.default\">\n\t\t\t\t<div class=\"elementor-widget-container\">\n\t\t\t\t\t\t\t\t\t<div class=\"elementor-button-wrapper\">\n\t\t\t\t\t<a class=\"elementor-button elementor-button-link elementor-size-sm\" href=\"https:\/\/enteri.com.br\/?page_id=958\">\n\t\t\t\t\t\t<span class=\"elementor-button-content-wrapper\">\n\t\t\t\t\t\t\t\t\t<span class=\"elementor-button-text\">\u00a0\u2713\u00a0Tratamento de Efluentes Industriais<\/span>\n\t\t\t\t\t<\/span>\n\t\t\t\t\t<\/a>\n\t\t\t\t<\/div>\n\t\t\t\t\t\t\t\t<\/div>\n\t\t\t\t<\/div>\n\t\t\t\t<\/div>\n\t\t\t\t<\/div>\n\t\t\t\t<\/div>\n\t\t","protected":false},"excerpt":{"rendered":"<p>O cliente nos traz suas necessidades, n\u00f3s entregamos a solu\u00e7\u00e3o NECESSIDADES Com base nas informa\u00e7\u00f5es fornecidas respeito do efluente a ser tratado e nos testes e avalia\u00e7\u00f5es realizadas com a unidade ETHAPA, definimos: \u2713\u00a0Quais metodologias e equipamentos s\u00e3o necess\u00e1rios; \u00a0\u2713 Tempo de resid\u00eancia; \u2713\u00a0Necessidade ou n\u00e3o de insumos; \u2713\u00a0Fluxograma e ordenamento de processos. SOLU\u00c7\u00d5ES \u00a0\u2713\u00a0 [&hellip;]<\/p>\n","protected":false},"author":1,"featured_media":0,"parent":0,"menu_order":0,"comment_status":"closed","ping_status":"closed","template":"","meta":{"footnotes":""},"class_list":["post-699","page","type-page","status-publish","hentry"],"_links":{"self":[{"href":"https:\/\/enteri.com.br\/index.php?rest_route=\/wp\/v2\/pages\/699","targetHints":{"allow":["GET"]}}],"collection":[{"href":"https:\/\/enteri.com.br\/index.php?rest_route=\/wp\/v2\/pages"}],"about":[{"href":"https:\/\/enteri.com.br\/index.php?rest_route=\/wp\/v2\/types\/page"}],"author":[{"embeddable":true,"href":"https:\/\/enteri.com.br\/index.php?rest_route=\/wp\/v2\/users\/1"}],"replies":[{"embeddable":true,"href":"https:\/\/enteri.com.br\/index.php?rest_route=%2Fwp%2Fv2%2Fcomments&post=699"}],"version-history":[{"count":322,"href":"https:\/\/enteri.com.br\/index.php?rest_route=\/wp\/v2\/pages\/699\/revisions"}],"predecessor-version":[{"id":2191,"href":"https:\/\/enteri.com.br\/index.php?rest_route=\/wp\/v2\/pages\/699\/revisions\/2191"}],"wp:attachment":[{"href":"https:\/\/enteri.com.br\/index.php?rest_route=%2Fwp%2Fv2%2Fmedia&parent=699"}],"curies":[{"name":"wp","href":"https:\/\/api.w.org\/{rel}","templated":true}]}}