{"id":666,"date":"2025-11-29T06:47:18","date_gmt":"2025-11-29T09:47:18","guid":{"rendered":"https:\/\/enteri.com.br\/?page_id=666"},"modified":"2026-03-20T15:56:31","modified_gmt":"2026-03-20T18:56:31","slug":"unidade-ethapa","status":"publish","type":"page","link":"https:\/\/enteri.com.br\/?page_id=666","title":{"rendered":"Unidade ETHAPA"},"content":{"rendered":"\t\t<div data-elementor-type=\"wp-page\" data-elementor-id=\"666\" class=\"elementor elementor-666\" data-elementor-post-type=\"page\">\n\t\t\t\t<div class=\"elementor-element elementor-element-df62ebd e-flex e-con-boxed e-con e-parent\" data-id=\"df62ebd\" data-element_type=\"container\">\n\t\t\t\t\t<div class=\"e-con-inner\">\n\t\t\t\t<div class=\"elementor-element elementor-element-a8fb75f elementor-widget elementor-widget-heading\" data-id=\"a8fb75f\" data-element_type=\"widget\" data-widget_type=\"heading.default\">\n\t\t\t\t<div class=\"elementor-widget-container\">\n\t\t\t\t\t<h2 class=\"elementor-heading-title elementor-size-default\">Unidade de Engenharia de Tratabilidade, Homologa\u00e7\u00e3o e Padroniza\u00e7\u00e3o Avan\u00e7ada<\/h2>\t\t\t\t<\/div>\n\t\t\t\t<\/div>\n\t\t\t\t\t<\/div>\n\t\t\t\t<\/div>\n\t\t<div class=\"elementor-element elementor-element-23ff7ece e-con-full e-flex e-con e-parent\" data-id=\"23ff7ece\" data-element_type=\"container\">\n\t\t\t\t<div class=\"elementor-element elementor-element-2ffef465 elementor-widget elementor-widget-text-editor\" data-id=\"2ffef465\" data-element_type=\"widget\" data-widget_type=\"text-editor.default\">\n\t\t\t\t<div class=\"elementor-widget-container\">\n\t\t\t\t\t\t\t\t\t<p>\u00a0<\/p><section class=\"section\"><div class=\"container\"><div style=\"max-width: 900px; margin: 0 auto;\"><div class=\"card\" style=\"margin-bottom: 3rem; opacity: 1; transform: translateY(0px);\"><p>A <span style=\"color: #1f7373;\"><strong>ETHAPA<\/strong><\/span> \u00e9 uma plataforma de engenharia avan\u00e7ada desenvolvida para permitir:<\/p><p>\u00a0<\/p><p><span style=\"color: var(--primary);\">\u00a0 \u00a0 \u00a0 \u00a0 \u00a0 \u00a0<span style=\"color: #1f7373;\"><strong>\u2713 <\/strong><\/span><\/span>Estudos completos de tratabilidade;<\/p><p>\u00a0<\/p><p><span style=\"color: var(--primary);\">\u00a0 \u00a0 \u00a0 \u00a0 \u00a0 \u00a0<span style=\"color: #1f7373;\"><strong>\u2713 <\/strong><\/span><\/span>Homologa\u00e7\u00e3o t\u00e9cnica da metodologia a ser aplicada;<\/p><p>\u00a0<\/p><p><span style=\"color: var(--primary);\">\u00a0 \u00a0 \u00a0 \u00a0 \u00a0 \u00a0<strong><span style=\"color: #1f7373;\">\u2713 <\/span><\/strong><\/span>Padroniza\u00e7\u00e3o dos processos a serem adotados em campo.<\/p><p>\u00a0<\/p><p>Tendo sido desenvolvida e constru\u00edda em tamanho real, permite analisar e avaliar diversos tipos de efluentes, determinar as melhores rotas de tratamento a serem adotadas al\u00e9m de definir todos os processos e par\u00e2metros t\u00e9cnicos com precis\u00e3o e seguran\u00e7a.<\/p><p>\u00a0<\/p><p><img decoding=\"async\" src=\"http:\/\/enteri.com.br\/wp-content\/uploads\/2025\/12\/DSC02288-scaled.jpg\" alt=\"ETHAPA\" \/><\/p><div style=\"opacity: 1; transform: translateY(0px);\">\u00a0<\/div><p>A <span style=\"color: #1f7373;\"><strong>ETHAPA<\/strong><\/span> combina tecnologia, mobilidade e metodologias inovadoras que reduzem riscos e agilizam a tomada de decis\u00f5es estrat\u00e9gicas garantindo que cada cliente alcance os resultados esperados tanto no cen\u00e1rio p\u00fablico (prefeituras e autarquias) quanto no privado (f\u00e1bricas e industriais).<\/p><p>\u00a0<\/p><p>A estrutura robusta e as dimens\u00f5es da <span style=\"color: #1f7373;\"><strong>ETHAPA<\/strong><\/span> permitem que ela seja transportada e instalada nas depend\u00eancias de cada cliente permitindo que sejam realizados \u201cin loco\u201d todas as medi\u00e7\u00f5es, an\u00e1lises e ensaios e suas respectivas valida\u00e7\u00f5es de uma maneira \u00e1gil, pr\u00e1tica, eficiente e segura.<\/p><p>\u00a0<\/p><p>Desta forma os clientes se beneficiam da redu\u00e7\u00e3o dos riscos de investimento atestando previamente o funcionamento e a confiabilidade de nosso sistema.<\/p><\/div><section class=\"section\"><div class=\"container\"><div style=\"max-width: 900px; margin: 0 auto;\"><div class=\"card\" style=\"margin-bottom: 3rem; opacity: 1; transform: translateY(0px);\"><h3 style=\"color: #0a7e3e;\"><span style=\"color: #1f7373;\">Caracter\u00edsticas da ETHAPA.<\/span><\/h3><div><span style=\"color: #0a7e3e;\">\u00a0 \u00a0 \u00a0 \u00a0 \u00a0 \u00a0<strong>\u2713<\/strong><\/span>\u00a0\u00a0Foi projetada para atender altas vaz\u00f5es, podendo chegar a tratar at\u00e9 180 m\u00b3 \/ h ( 50L\/s ), na depend\u00eancia das caracter\u00edsticas do efluente.<\/div><div>\u00a0<\/div><div><ul style=\"list-style: none;\"><li><span style=\"color: #0a7e3e;\">\u00a0 \u00a0 \u00a0 \u00a0 \u00a0 \u00a0<strong>\u2713<\/strong><\/span>\u00a0 \u00c9 detentora de inversores de frequ\u00eancia instalados em suas bombas. Assim poder\u00e1 ser utilizada tamb\u00e9m para testes com menores vaz\u00f5es.<\/li><li>\u00a0<\/li><li><span style=\"color: #0a7e3e;\">\u00a0 \u00a0 \u00a0 \u00a0 \u00a0 \u00a0<strong>\u2713<\/strong><\/span>\u00a0 Pintura com tintas a prova de corros\u00e3o, para suportar efluentes complexos.<\/li><li>\u00a0<\/li><li><span style=\"color: #0a7e3e;\">\u00a0 \u00a0 \u00a0 \u00a0 \u00a0 \u00a0<strong>\u2713<\/strong><\/span>\u00a0 Tubula\u00e7\u00f5es com resist\u00eancia qu\u00edmica e t\u00e9rmica (at\u00e9 60\u00b0C.<\/li><li>\u00a0<\/li><li><span style=\"color: #0a7e3e;\">\u00a0 \u00a0 \u00a0 \u00a0 \u00a0 \u00a0<strong>\u2713<\/strong><\/span>\u00a0 Conta com um fluxograma diferenciado \u2013 para avaliar diferentes regulagens do processo.<\/li><li>\u00a0<\/li><li><span style=\"color: #0a7e3e;\">\u00a0 \u00a0 \u00a0 \u00a0 \u00a0 \u00a0<strong>\u2713<\/strong><\/span>\u00a0\u00a0Os reatores est\u00e3o instalados com alta pot\u00eancia, esta regul\u00e1vel.<\/li><li>\u00a0<\/li><li><span style=\"color: #0a7e3e;\">\u00a0 \u00a0 \u00a0 \u00a0 \u00a0 \u00a0<strong>\u2713<\/strong><\/span>\u00a0\u00a0As bombas foram dimensionadas para atender diversos cen\u00e1rios diferentes. Como diferentes dist\u00e2ncias de suc\u00e7\u00e3o e descarte, com prote\u00e7\u00e3o em inox e selo resistente.<\/li><li>\u00a0<\/li><li><span style=\"color: #0a7e3e;\">\u00a0 \u00a0 \u00a0 \u00a0 \u00a0 \u00a0<strong>\u2713<\/strong><\/span>\u00a0\u00a0Bombas montadas em base separada, visando atender diversas localidades \/ posi\u00e7\u00f5es de instala\u00e7\u00e3o.<\/li><li>\u00a0<\/li><\/ul><ul style=\"list-style: none;\"><li><span style=\"color: #0a7e3e;\">\u00a0 \u00a0 \u00a0 \u00a0 \u00a0 \u00a0<strong>\u2713<\/strong><span style=\"color: #1f2937;\">\u00a0\u00a0<\/span><\/span>Sistema de dosagem e mistura est\u00e1tica de insumos (a ser instalado), para avaliar a necessidade ou n\u00e3o do uso dos mesmos, bem como sua quantifica\u00e7\u00e3o.<\/li><li>\u00a0<\/li><\/ul><ul style=\"list-style: none;\"><li><span style=\"color: #0a7e3e;\">\u00a0 \u00a0 \u00a0 \u00a0 \u00a0 \u00a0<strong>\u2713<\/strong><\/span>\u00a0\u00a0Possui escrit\u00f3rio e laborat\u00f3rio pr\u00f3prios objetivando o acompanhamento constante dos estudos pelo operador e t\u00e9cnico respons\u00e1vel; propicia igualmente espa\u00e7o para reuni\u00f5es com os clientes pr\u00f3ximo a \u00e1rea operacional.<\/li><\/ul><div>\u00a0<\/div><\/div><div>\u00a0<\/div><div>\u00a0<\/div><\/div><p><img decoding=\"async\" src=\"http:\/\/enteri.com.br\/wp-content\/uploads\/2025\/12\/DSC02278-scaled.jpg\" alt=\"ETHAPA\" \/><\/p><h3>\u00a0<\/h3><section class=\"section\"><div class=\"container\"><div style=\"max-width: 900px; margin: 0 auto;\"><div class=\"card\" style=\"margin-bottom: 3rem; opacity: 1; transform: translateY(0px);\"><h3><span style=\"color: #1f7373;\">A an\u00e1lise dos efluentes \u201cin loco\u201d com a ETHAPA.<\/span><\/h3><div style=\"opacity: 1; transform: translateY(0px);\"><p>Por ter sido projetada e constru\u00edda para ser transportada e instalada facilmente nas depend\u00eancias do cliente, a <span style=\"color: #1f7373;\"><strong>ETHAPA<\/strong><\/span> permite que a nossa equipe de engenharia execute an\u00e1lises e ensaios completos sem que haja a necessidade de se deslocar grandes volumes de efluente para laborat\u00f3rios externos.<\/p><p>\u00a0<\/p><p>A <span style=\"color: #1f7373;\"><strong>ETHAPA<\/strong><\/span>, por si s\u00f3, ap\u00f3s ter sido instalada e conectada \u00e0 linha de capta\u00e7\u00e3o do efluente permite analisar, sob condi\u00e7\u00f5es controladas:<\/p><p>\u00a0<\/p><ul><li style=\"list-style-type: none;\"><ul style=\"list-style: none; padding: 0;\"><li style=\"list-style-type: none;\"><ul style=\"list-style: none; padding: 0;\"><li><span style=\"color: var(--primary);\"> \u00a0 \u00a0 \u00a0 \u00a0 \u00a0 <strong><span style=\"color: #1f7373;\">\u00a0\u2713<\/span><\/strong><\/span> Comportamento do efluente em cada etapa do processo;<\/li><li><br \/><ul style=\"list-style: none; padding: 0;\"><li style=\"list-style-type: none;\"><ul style=\"list-style: none; padding: 0;\"><li><span style=\"color: var(--primary);\"> \u00a0 \u00a0 \u00a0 \u00a0 \u00a0 \u00a0<span style=\"color: #1f7373;\"><strong>\u2713<\/strong><\/span><\/span> Necessidade real ou n\u00e3o de insumos (ex.: produtos qu\u00edmicos);<\/li><li><br \/><ul style=\"list-style: none; padding: 0;\"><li style=\"list-style-type: none;\"><ul style=\"list-style: none; padding: 0;\"><li><span style=\"color: var(--primary);\"> \u00a0 \u00a0 \u00a0 \u00a0 \u00a0 \u00a0<span style=\"color: #1f7373;\"><strong>\u2713<\/strong><\/span><\/span> Varia\u00e7\u00f5es de vaz\u00e3o, turbidez, s\u00f3lidos em suspens\u00e3o e carga org\u00e2nica;<\/li><li><br \/><ul style=\"list-style: none; padding: 0;\"><li style=\"list-style-type: none;\"><ul style=\"list-style: none; padding: 0;\"><li><span style=\"color: var(--primary);\"> \u00a0 \u00a0 \u00a0 \u00a0 \u00a0 \u00a0<span style=\"color: #1f7373;\"><strong>\u2713<\/strong><\/span><\/span> Tempo de resid\u00eancia ideal e configura\u00e7\u00e3o dos reatores;<\/li><li><br \/><ul style=\"list-style: none; padding: 0;\"><li style=\"list-style-type: none;\"><ul style=\"list-style: none; padding: 0;\"><li><span style=\"color: var(--primary);\"> \u00a0 \u00a0 \u00a0 \u00a0 \u00a0 \u00a0<strong><span style=\"color: #1f7373;\">\u2713<\/span><\/strong><\/span> Forma\u00e7\u00e3o ou n\u00e3o de lodo e sua concentra\u00e7\u00e3o \u2013 determinar\u00e1 a utiliza\u00e7\u00e3o ou n\u00e3o de um decantador.<\/li><li>\u00a0<\/li><\/ul><\/li><\/ul><\/li><\/ul><\/li><\/ul><\/li><\/ul><\/li><\/ul><\/li><\/ul><\/li><\/ul><\/li><\/ul><\/li><\/ul><\/li><\/ul><\/div><div>\u00a0<\/div><div>\u00a0<\/div><p><img decoding=\"async\" src=\"http:\/\/enteri.com.br\/wp-content\/uploads\/2025\/12\/DSC02270-scaled.jpg\" alt=\"ETHAPA\" \/><\/p><div style=\"opacity: 1; transform: translateY(0px);\"><p>\u00a0<\/p><p>A partir dos resultados dessas an\u00e1lises s\u00e3o definidos com precis\u00e3o todos os par\u00e2metros que originar\u00e3o a <span style=\"color: #1f7373;\"><strong>Unidade PADR\u00c3O<\/strong><\/span> a ser fabricada e instalada nas depend\u00eancias de cada cliente, entre eles: o tamanho do m\u00f3dulo a ser adotado e a sua quantidade, a vaz\u00e3o de opera\u00e7\u00e3o, grau de automa\u00e7\u00e3o, geometria interna, sistemas auxiliares e as possibilidades de integra\u00e7\u00e3o.<\/p><p>\u00a0<\/p><p>\u00a0<\/p><\/div><div style=\"opacity: 1; transform: translateY(0px);\"><h5><span style=\"color: #1f7373;\">Instala\u00e7\u00e3o da unidade ETHAPA na EMASA &#8211; Balne\u00e1rio Cambori\u00fa &#8211; SC conforme termo de coopera\u00e7\u00e3o t\u00e9cnica N\u00ba 02\/2025<\/span><\/h5><p><img decoding=\"async\" style=\"margin-bottom: 50px;\" src=\"http:\/\/enteri.com.br\/wp-content\/uploads\/2025\/12\/9030-50-scaled.png\" alt=\"Instala\u00e7\u00e3o do ETHAPA\" \/><img decoding=\"async\" style=\"margin-bottom: 50px;\" src=\"http:\/\/enteri.com.br\/wp-content\/uploads\/2025\/12\/9050-1-scaled.png\" alt=\"Instala\u00e7\u00e3o do ETHAPA\" \/><\/p><p><img decoding=\"async\" style=\"margin-bottom: 50px;\" src=\"http:\/\/enteri.com.br\/wp-content\/uploads\/2025\/12\/9030-1-scaled.png\" alt=\"Instala\u00e7\u00e3o do ETHAPA\" \/><\/p><\/div><h3 style=\"color: #0a7e3e;\"><span style=\"color: #1f7373;\">Agende o estudo em grande escala com nossa equipe comercial.<\/span><\/h3><p>Para podermos or\u00e7ar os testes, al\u00e9m de assinatura de termos de confidencialidade e confiabilidade, necessitamos no m\u00ednimo de algumas informa\u00e7\u00f5es:<\/p><p>\u00a0<\/p><p><span style=\"color: var(--primary);\">\u00a0 \u00a0 \u00a0 \u00a0 \u00a0 \u00a0<strong><span style=\"color: #1f7373;\">\u2713 <\/span><\/strong><\/span>Atividade industrial da empresa;<\/p><p>\u00a0<\/p><p><span style=\"color: var(--primary);\">\u00a0 \u00a0 \u00a0 \u00a0 \u00a0 \u00a0<strong><span style=\"color: #1f7373;\">\u2713<\/span><\/strong>\u00a0 <\/span>Proced\u00eancia do efluente; processo que gera o efluente; insumos utilizados;<\/p><p>\u00a0<\/p><p><span style=\"color: var(--primary);\">\u00a0 \u00a0 \u00a0 \u00a0 \u00a0 \u00a0<span style=\"color: #1f7373;\"><strong>\u2713<\/strong><\/span>\u00a0 <\/span>Vaz\u00e3o da gera\u00e7\u00e3o do efluente (m\u00b3\/h);<\/p><p>\u00a0<\/p><p><span style=\"color: var(--primary);\">\u00a0 \u00a0 \u00a0 \u00a0 \u00a0 \u00a0<span style=\"color: #1f7373;\"><strong>\u2713 <\/strong><\/span><\/span>Gera\u00e7\u00e3o continua ou intermitente (quantas horas por dia e por semana);<\/p><p>\u00a0<\/p><p><span style=\"color: var(--primary);\">\u00a0 \u00a0 \u00a0 \u00a0 \u00a0 \u00a0<span style=\"color: #1f7373;\"><strong>\u2713 <\/strong><\/span><\/span>Contaminantes conhecidos \u2013 Se poss\u00edvel encaminhar o laudo do efluente bruto.<\/p><\/div><\/div><\/div><\/section><\/div><\/div><\/section><\/div><\/div><\/section>\t\t\t\t\t\t\t\t<\/div>\n\t\t\t\t<\/div>\n\t\t\t\t<\/div>\n\t\t<div class=\"elementor-element elementor-element-f399798 e-flex e-con-boxed e-con e-parent\" data-id=\"f399798\" data-element_type=\"container\">\n\t\t\t\t\t<div class=\"e-con-inner\">\n\t\t\t\t\t<\/div>\n\t\t\t\t<\/div>\n\t\t\t\t<\/div>\n\t\t","protected":false},"excerpt":{"rendered":"<p>Unidade de Engenharia de Tratabilidade, Homologa\u00e7\u00e3o e Padroniza\u00e7\u00e3o Avan\u00e7ada \u00a0 A ETHAPA \u00e9 uma plataforma de engenharia avan\u00e7ada desenvolvida para permitir: \u00a0 \u00a0 \u00a0 \u00a0 \u00a0 \u00a0 \u00a0\u2713 Estudos completos de tratabilidade; \u00a0 \u00a0 \u00a0 \u00a0 \u00a0 \u00a0 \u00a0\u2713 Homologa\u00e7\u00e3o t\u00e9cnica da metodologia a ser aplicada; \u00a0 \u00a0 \u00a0 \u00a0 \u00a0 \u00a0 \u00a0\u2713 Padroniza\u00e7\u00e3o dos [&hellip;]<\/p>\n","protected":false},"author":1,"featured_media":745,"parent":0,"menu_order":0,"comment_status":"closed","ping_status":"closed","template":"","meta":{"footnotes":""},"class_list":["post-666","page","type-page","status-publish","has-post-thumbnail","hentry"],"_links":{"self":[{"href":"https:\/\/enteri.com.br\/index.php?rest_route=\/wp\/v2\/pages\/666","targetHints":{"allow":["GET"]}}],"collection":[{"href":"https:\/\/enteri.com.br\/index.php?rest_route=\/wp\/v2\/pages"}],"about":[{"href":"https:\/\/enteri.com.br\/index.php?rest_route=\/wp\/v2\/types\/page"}],"author":[{"embeddable":true,"href":"https:\/\/enteri.com.br\/index.php?rest_route=\/wp\/v2\/users\/1"}],"replies":[{"embeddable":true,"href":"https:\/\/enteri.com.br\/index.php?rest_route=%2Fwp%2Fv2%2Fcomments&post=666"}],"version-history":[{"count":251,"href":"https:\/\/enteri.com.br\/index.php?rest_route=\/wp\/v2\/pages\/666\/revisions"}],"predecessor-version":[{"id":2182,"href":"https:\/\/enteri.com.br\/index.php?rest_route=\/wp\/v2\/pages\/666\/revisions\/2182"}],"wp:featuredmedia":[{"embeddable":true,"href":"https:\/\/enteri.com.br\/index.php?rest_route=\/wp\/v2\/media\/745"}],"wp:attachment":[{"href":"https:\/\/enteri.com.br\/index.php?rest_route=%2Fwp%2Fv2%2Fmedia&parent=666"}],"curies":[{"name":"wp","href":"https:\/\/api.w.org\/{rel}","templated":true}]}}