{"id":532,"date":"2025-10-27T15:48:23","date_gmt":"2025-10-27T18:48:23","guid":{"rendered":"https:\/\/enteri.com.br\/?page_id=532"},"modified":"2026-03-20T15:51:11","modified_gmt":"2026-03-20T18:51:11","slug":"home-page","status":"publish","type":"page","link":"https:\/\/enteri.com.br\/","title":{"rendered":"Home"},"content":{"rendered":"\t\t<div data-elementor-type=\"wp-page\" data-elementor-id=\"532\" class=\"elementor elementor-532\" data-elementor-post-type=\"page\">\n\t\t\t\t<div class=\"elementor-element elementor-element-3e7a487 e-flex e-con-boxed e-con e-parent\" data-id=\"3e7a487\" data-element_type=\"container\" data-settings=\"{&quot;background_background&quot;:&quot;classic&quot;}\">\n\t\t\t\t\t<div class=\"e-con-inner\">\n\t\t\t\t<div class=\"elementor-element elementor-element-cbc6565 elementor-widget elementor-widget-heading\" data-id=\"cbc6565\" data-element_type=\"widget\" data-widget_type=\"heading.default\">\n\t\t\t\t<div class=\"elementor-widget-container\">\n\t\t\t\t\t<h2 class=\"elementor-heading-title elementor-size-default\">Solu\u00e7\u00f5es Inovadoras<\/h2>\t\t\t\t<\/div>\n\t\t\t\t<\/div>\n\t\t\t\t<div class=\"elementor-element elementor-element-28f14bb elementor-widget elementor-widget-heading\" data-id=\"28f14bb\" data-element_type=\"widget\" data-widget_type=\"heading.default\">\n\t\t\t\t<div class=\"elementor-widget-container\">\n\t\t\t\t\t<h2 class=\"elementor-heading-title elementor-size-default\">Efici\u00eancia, Inova\u00e7\u00e3o e Sustentabilidade<\/h2>\t\t\t\t<\/div>\n\t\t\t\t<\/div>\n\t\t\t\t<div class=\"elementor-element elementor-element-069ef58 elementor-widget elementor-widget-heading\" data-id=\"069ef58\" data-element_type=\"widget\" data-widget_type=\"heading.default\">\n\t\t\t\t<div class=\"elementor-widget-container\">\n\t\t\t\t\t<h2 class=\"elementor-heading-title elementor-size-default\">Empresa Nacional de Tratamento de Efluentes e de Res\u00edduos Industriais<\/h2>\t\t\t\t<\/div>\n\t\t\t\t<\/div>\n\t\t\t\t<div class=\"elementor-element elementor-element-f03db82 elementor-align-center elementor-mobile-align-center elementor-widget elementor-widget-button\" data-id=\"f03db82\" data-element_type=\"widget\" data-widget_type=\"button.default\">\n\t\t\t\t<div class=\"elementor-widget-container\">\n\t\t\t\t\t\t\t\t\t<div class=\"elementor-button-wrapper\">\n\t\t\t\t\t<a class=\"elementor-button elementor-button-link elementor-size-sm\" href=\"https:\/\/enteri.com.br\/?page_id=450\">\n\t\t\t\t\t\t<span class=\"elementor-button-content-wrapper\">\n\t\t\t\t\t\t<span class=\"elementor-button-icon\">\n\t\t\t\t<svg aria-hidden=\"true\" class=\"e-font-icon-svg e-fas-angle-right\" viewBox=\"0 0 256 512\" xmlns=\"http:\/\/www.w3.org\/2000\/svg\"><path d=\"M224.3 273l-136 136c-9.4 9.4-24.6 9.4-33.9 0l-22.6-22.6c-9.4-9.4-9.4-24.6 0-33.9l96.4-96.4-96.4-96.4c-9.4-9.4-9.4-24.6 0-33.9L54.3 103c9.4-9.4 24.6-9.4 33.9 0l136 136c9.5 9.4 9.5 24.6.1 34z\"><\/path><\/svg>\t\t\t<\/span>\n\t\t\t\t\t\t\t\t\t<span class=\"elementor-button-text\">Fale Conosco<\/span>\n\t\t\t\t\t<\/span>\n\t\t\t\t\t<\/a>\n\t\t\t\t<\/div>\n\t\t\t\t\t\t\t\t<\/div>\n\t\t\t\t<\/div>\n\t\t\t\t\t<\/div>\n\t\t\t\t<\/div>\n\t\t<div class=\"elementor-element elementor-element-7daa54e e-grid e-con-full e-con e-parent\" data-id=\"7daa54e\" data-element_type=\"container\">\n\t\t\t\t<div class=\"elementor-element elementor-element-185ab5b elementor-widget elementor-widget-heading\" data-id=\"185ab5b\" data-element_type=\"widget\" data-widget_type=\"heading.default\">\n\t\t\t\t<div class=\"elementor-widget-container\">\n\t\t\t\t\t<h2 class=\"elementor-heading-title elementor-size-default\">Quem somos<\/h2>\t\t\t\t<\/div>\n\t\t\t\t<\/div>\n\t\t\t\t<\/div>\n\t\t<div class=\"elementor-element elementor-element-e104f06 e-flex e-con-boxed e-con e-parent\" data-id=\"e104f06\" data-element_type=\"container\">\n\t\t\t\t\t<div class=\"e-con-inner\">\n\t\t\t\t\t<\/div>\n\t\t\t\t<\/div>\n\t\t<div class=\"elementor-element elementor-element-d4b86e4 e-flex e-con-boxed e-con e-parent\" data-id=\"d4b86e4\" data-element_type=\"container\">\n\t\t\t\t\t<div class=\"e-con-inner\">\n\t\t\t\t<div class=\"elementor-element elementor-element-bc99bab elementor-widget elementor-widget-text-editor\" data-id=\"bc99bab\" data-element_type=\"widget\" data-widget_type=\"text-editor.default\">\n\t\t\t\t<div class=\"elementor-widget-container\">\n\t\t\t\t\t\t\t\t\t<section class=\"section\"><div class=\"container\"><div style=\"max-width: 900px; margin: 0 auto;\"><h2>\u00a0 \u00a0 \u00a0 \u00a0 \u00a0 \u00a0 \u00a0 \u00a0 \u00a0 \u00a0 \u00a0 \u00a0 \u00a0 \u00a0 \u00a0 \u00a0<span style=\"color: #1f7373;\">Benef\u00edcios<\/span><\/h2><div class=\"container\"><div class=\"card-grid\"><div class=\"card\" style=\"opacity: 1; transform: translateY(0px);\"><h3><span style=\"color: #1f7373;\">Tempo Reduzido<\/span><\/h3><p class=\"MsoNormal\"><span style=\"font-size: 14.0pt; line-height: 107%;\">Tempo de\u00a0resid\u00eancia significativamente menor quando comparado aos m\u00e9todos tradicionais.<\/span><\/p><\/div><div class=\"card\" style=\"opacity: 1; transform: translateY(0px);\"><h3><span style=\"color: #1f7373;\">Resili\u00eancia<\/span><\/h3><p>Opera mesmo com varia\u00e7\u00f5es no efluente<\/p><\/div><div class=\"card\" style=\"opacity: 1; transform: translateY(0px);\"><h3><span style=\"color: #1f7373;\">Confiabilidade<\/span><\/h3><p><span style=\"font-size: 14.0pt; line-height: 107%; font-family: 'Aptos',sans-serif; mso-ascii-theme-font: minor-latin; mso-fareast-font-family: Aptos; mso-fareast-theme-font: minor-latin; mso-hansi-theme-font: minor-latin; mso-bidi-font-family: 'Times New Roman'; mso-bidi-theme-font: minor-bidi; mso-ansi-language: PT-BR; mso-fareast-language: EN-US; mso-bidi-language: AR-SA;\">Aus\u00eancia do risco de morte microbiol\u00f3gica devido \u00e0 efluentes t\u00f3xicos.<\/span><\/p><\/div><div class=\"card\" style=\"opacity: 1; transform: translateY(0px);\"><h3><span style=\"color: #1f7373;\">Redu\u00e7\u00e3o de Custos<\/span><\/h3><p class=\"MsoNormal\"><span style=\"font-size: 14.0pt; line-height: 107%;\">Menor\u00a0investimento, menor \u00e1rea ocupada e redu\u00e7\u00e3o no consumo de energia el\u00e9trica.<\/span><\/p><\/div><div class=\"card\"><h3><span style=\"color: #1f7373;\">Sustentabilidade<\/span><\/h3><p class=\"MsoNormal\"><span style=\"font-size: 14.0pt; line-height: 107%;\">Melhor qualidade do efluente final simplificando o reuso da \u00e1gua ou seu descarte.<\/span><\/p><\/div><\/div><\/div><\/div><\/div><\/section>\t\t\t\t\t\t\t\t<\/div>\n\t\t\t\t<\/div>\n\t\t\t\t<div class=\"elementor-element elementor-element-92cd852 elementor-widget elementor-widget-text-editor\" data-id=\"92cd852\" data-element_type=\"widget\" data-widget_type=\"text-editor.default\">\n\t\t\t\t<div class=\"elementor-widget-container\">\n\t\t\t\t\t\t\t\t\t<p>\u00a0<\/p><section class=\"section\"><div class=\"container\"><div style=\"max-width: 900px; margin: 0 auto;\"><div class=\"card\" style=\"margin-bottom: 3rem; opacity: 1; transform: translateY(0px);\"><p style=\"font-size: 1 rem; line-height: 1.8;\">A <span style=\"color: #1f7373;\"><strong>ENTERI<\/strong><\/span> \u00e9 uma empresa brasileira especializada em solu\u00e7\u00f5es compactas, modulares e expans\u00edveis para o tratamento de efluentes e de res\u00edduos industriais.<\/p><p style=\"font-size: 1 rem; line-height: 1.8; margin-top: 1rem;\">Com tecnologia pr\u00f3pria e foco em sustentabilidade, desenvolvemos unidades para opera\u00e7\u00e3o \u00e1gil e m\u00e1xima efici\u00eancia com custos reduzidos (CAPEX e OPEX).<\/p><p style=\"font-size: 1 rem; line-height: 1.8; margin-top: 1rem;\">Focada na inova\u00e7\u00e3o e na melhoria de processos, investimos em Pesquisa e Desenvolvimento para criar e aperfei\u00e7oar novas tecnologias e metodologias de tratamento para atender diversos tipos de efluentes, desde o esgoto sanit\u00e1rio at\u00e9 os efluentes mais complexos.<\/p><\/div><div class=\"container\"><div style=\"max-width: 900px; margin: 0 auto;\"><div class=\"card\" style=\"margin-bottom: 3rem; opacity: 1; transform: translateY(0px);\"><p style=\"font-size: 1 rem; line-height: 1.8;\">Desta forma, temos a melhor solu\u00e7\u00e3o para nossos clientes, definindo para cada tipo de efluente:<\/p><ul style=\"list-style: none; padding: 0;\"><li style=\"list-style-type: none;\"><ul style=\"list-style: none; padding: 0;\"><li><span style=\"color: var(--primary);\">\u00a0 \u00a0 \u00a0 \u00a0 \u00a0 <strong><span style=\"color: #1f7373;\">\u2713<\/span><\/strong><\/span> Metodologias e equipamentos necess\u00e1rios;<\/li><li><span style=\"color: var(--primary);\">\u00a0 \u00a0 \u00a0 \u00a0 \u00a0 <strong>\u2713<\/strong><\/span> Tempo de resid\u00eancia;<\/li><li><span style=\"color: var(--primary);\">\u00a0 \u00a0 \u00a0 \u00a0 \u00a0 <strong>\u2713<\/strong><\/span> Necessidade ou n\u00e3o de insumos;<\/li><li><span style=\"color: var(--primary);\">\u00a0 \u00a0 \u00a0 \u00a0 \u00a0 <strong><span style=\"color: #1f7373;\">\u2713<\/span><\/strong><\/span> Fluxograma e ordenamento de processo.<\/li><\/ul><\/li><\/ul><\/div><\/div><\/div><\/div><\/div><\/section>\t\t\t\t\t\t\t\t<\/div>\n\t\t\t\t<\/div>\n\t\t\t\t\t<\/div>\n\t\t\t\t<\/div>\n\t\t<div class=\"elementor-element elementor-element-b196a2f e-flex e-con-boxed e-con e-parent\" data-id=\"b196a2f\" data-element_type=\"container\">\n\t\t\t\t\t<div class=\"e-con-inner\">\n\t\t\t\t\t<\/div>\n\t\t\t\t<\/div>\n\t\t\t\t<\/div>\n\t\t","protected":false},"excerpt":{"rendered":"<p>Solu\u00e7\u00f5es Inovadoras Efici\u00eancia, Inova\u00e7\u00e3o e Sustentabilidade Empresa Nacional de Tratamento de Efluentes e de Res\u00edduos Industriais Fale Conosco Quem somos \u00a0 \u00a0 \u00a0 \u00a0 \u00a0 \u00a0 \u00a0 \u00a0 \u00a0 \u00a0 \u00a0 \u00a0 \u00a0 \u00a0 \u00a0 \u00a0Benef\u00edcios Tempo Reduzido Tempo de\u00a0resid\u00eancia significativamente menor quando comparado aos m\u00e9todos tradicionais. Resili\u00eancia Opera mesmo com varia\u00e7\u00f5es no efluente Confiabilidade [&hellip;]<\/p>\n","protected":false},"author":1,"featured_media":0,"parent":0,"menu_order":0,"comment_status":"closed","ping_status":"closed","template":"elementor_header_footer","meta":{"footnotes":""},"class_list":["post-532","page","type-page","status-publish","hentry"],"_links":{"self":[{"href":"https:\/\/enteri.com.br\/index.php?rest_route=\/wp\/v2\/pages\/532","targetHints":{"allow":["GET"]}}],"collection":[{"href":"https:\/\/enteri.com.br\/index.php?rest_route=\/wp\/v2\/pages"}],"about":[{"href":"https:\/\/enteri.com.br\/index.php?rest_route=\/wp\/v2\/types\/page"}],"author":[{"embeddable":true,"href":"https:\/\/enteri.com.br\/index.php?rest_route=\/wp\/v2\/users\/1"}],"replies":[{"embeddable":true,"href":"https:\/\/enteri.com.br\/index.php?rest_route=%2Fwp%2Fv2%2Fcomments&post=532"}],"version-history":[{"count":241,"href":"https:\/\/enteri.com.br\/index.php?rest_route=\/wp\/v2\/pages\/532\/revisions"}],"predecessor-version":[{"id":2176,"href":"https:\/\/enteri.com.br\/index.php?rest_route=\/wp\/v2\/pages\/532\/revisions\/2176"}],"wp:attachment":[{"href":"https:\/\/enteri.com.br\/index.php?rest_route=%2Fwp%2Fv2%2Fmedia&parent=532"}],"curies":[{"name":"wp","href":"https:\/\/api.w.org\/{rel}","templated":true}]}}