{"id":1070,"date":"2025-12-11T09:29:06","date_gmt":"2025-12-11T12:29:06","guid":{"rendered":"https:\/\/enteri.com.br\/?page_id=1070"},"modified":"2026-03-31T14:27:26","modified_gmt":"2026-03-31T17:27:26","slug":"nova-pagina-editar-nome","status":"publish","type":"page","link":"https:\/\/enteri.com.br\/?page_id=1070","title":{"rendered":"Nossa Tecnologia"},"content":{"rendered":"\t\t<div data-elementor-type=\"wp-page\" data-elementor-id=\"1070\" class=\"elementor elementor-1070\" data-elementor-post-type=\"page\">\n\t\t\t\t<div class=\"elementor-element elementor-element-ccf6d2c e-flex e-con-boxed e-con e-parent\" data-id=\"ccf6d2c\" data-element_type=\"container\">\n\t\t\t\t\t<div class=\"e-con-inner\">\n\t\t\t\t<div class=\"elementor-element elementor-element-0567935 elementor-widget elementor-widget-heading\" data-id=\"0567935\" data-element_type=\"widget\" data-widget_type=\"heading.default\">\n\t\t\t\t<div class=\"elementor-widget-container\">\n\t\t\t\t\t<h2 class=\"elementor-heading-title elementor-size-default\"><h1 style=\"text-align: center\">Tecnologia Pr\u00f3pria<\/h1><\/h2>\t\t\t\t<\/div>\n\t\t\t\t<\/div>\n\t\t\t\t\t<\/div>\n\t\t\t\t<\/div>\n\t\t<div class=\"elementor-element elementor-element-d8ec19d e-con-full e-flex e-con e-parent\" data-id=\"d8ec19d\" data-element_type=\"container\">\n\t\t\t\t<div class=\"elementor-element elementor-element-78eac464 elementor-drop-cap-yes e-transform e-transform e-transform e-transform elementor-drop-cap-view-default elementor-widget elementor-widget-text-editor\" data-id=\"78eac464\" data-element_type=\"widget\" data-settings=\"{&quot;drop_cap&quot;:&quot;yes&quot;,&quot;_transform_rotateZ_effect&quot;:{&quot;unit&quot;:&quot;px&quot;,&quot;size&quot;:&quot;&quot;,&quot;sizes&quot;:[]},&quot;_transform_rotateZ_effect_laptop&quot;:{&quot;unit&quot;:&quot;deg&quot;,&quot;size&quot;:&quot;&quot;,&quot;sizes&quot;:[]},&quot;_transform_rotateZ_effect_tablet&quot;:{&quot;unit&quot;:&quot;deg&quot;,&quot;size&quot;:&quot;&quot;,&quot;sizes&quot;:[]},&quot;_transform_rotateZ_effect_mobile&quot;:{&quot;unit&quot;:&quot;deg&quot;,&quot;size&quot;:&quot;&quot;,&quot;sizes&quot;:[]},&quot;_transform_translateX_effect&quot;:{&quot;unit&quot;:&quot;px&quot;,&quot;size&quot;:&quot;&quot;,&quot;sizes&quot;:[]},&quot;_transform_translateX_effect_laptop&quot;:{&quot;unit&quot;:&quot;px&quot;,&quot;size&quot;:&quot;&quot;,&quot;sizes&quot;:[]},&quot;_transform_translateX_effect_tablet&quot;:{&quot;unit&quot;:&quot;px&quot;,&quot;size&quot;:&quot;&quot;,&quot;sizes&quot;:[]},&quot;_transform_translateX_effect_mobile&quot;:{&quot;unit&quot;:&quot;px&quot;,&quot;size&quot;:&quot;&quot;,&quot;sizes&quot;:[]},&quot;_transform_translateY_effect&quot;:{&quot;unit&quot;:&quot;px&quot;,&quot;size&quot;:&quot;&quot;,&quot;sizes&quot;:[]},&quot;_transform_translateY_effect_laptop&quot;:{&quot;unit&quot;:&quot;px&quot;,&quot;size&quot;:&quot;&quot;,&quot;sizes&quot;:[]},&quot;_transform_translateY_effect_tablet&quot;:{&quot;unit&quot;:&quot;px&quot;,&quot;size&quot;:&quot;&quot;,&quot;sizes&quot;:[]},&quot;_transform_translateY_effect_mobile&quot;:{&quot;unit&quot;:&quot;px&quot;,&quot;size&quot;:&quot;&quot;,&quot;sizes&quot;:[]},&quot;_transform_scale_effect&quot;:{&quot;unit&quot;:&quot;px&quot;,&quot;size&quot;:&quot;&quot;,&quot;sizes&quot;:[]},&quot;_transform_scale_effect_laptop&quot;:{&quot;unit&quot;:&quot;px&quot;,&quot;size&quot;:&quot;&quot;,&quot;sizes&quot;:[]},&quot;_transform_scale_effect_tablet&quot;:{&quot;unit&quot;:&quot;px&quot;,&quot;size&quot;:&quot;&quot;,&quot;sizes&quot;:[]},&quot;_transform_scale_effect_mobile&quot;:{&quot;unit&quot;:&quot;px&quot;,&quot;size&quot;:&quot;&quot;,&quot;sizes&quot;:[]},&quot;_transform_skewX_effect&quot;:{&quot;unit&quot;:&quot;px&quot;,&quot;size&quot;:&quot;&quot;,&quot;sizes&quot;:[]},&quot;_transform_skewX_effect_laptop&quot;:{&quot;unit&quot;:&quot;deg&quot;,&quot;size&quot;:&quot;&quot;,&quot;sizes&quot;:[]},&quot;_transform_skewX_effect_tablet&quot;:{&quot;unit&quot;:&quot;deg&quot;,&quot;size&quot;:&quot;&quot;,&quot;sizes&quot;:[]},&quot;_transform_skewX_effect_mobile&quot;:{&quot;unit&quot;:&quot;deg&quot;,&quot;size&quot;:&quot;&quot;,&quot;sizes&quot;:[]},&quot;_transform_skewY_effect&quot;:{&quot;unit&quot;:&quot;px&quot;,&quot;size&quot;:&quot;&quot;,&quot;sizes&quot;:[]},&quot;_transform_skewY_effect_laptop&quot;:{&quot;unit&quot;:&quot;deg&quot;,&quot;size&quot;:&quot;&quot;,&quot;sizes&quot;:[]},&quot;_transform_skewY_effect_tablet&quot;:{&quot;unit&quot;:&quot;deg&quot;,&quot;size&quot;:&quot;&quot;,&quot;sizes&quot;:[]},&quot;_transform_skewY_effect_mobile&quot;:{&quot;unit&quot;:&quot;deg&quot;,&quot;size&quot;:&quot;&quot;,&quot;sizes&quot;:[]}}\" data-widget_type=\"text-editor.default\">\n\t\t\t\t<div class=\"elementor-widget-container\">\n\t\t\t\t\t\t\t\t\t<p>\u00a0<\/p><section class=\"section\"><div style=\"max-width: 900px; margin: 0 auto;\"><p><!-- Card 3: Tecnologias --><\/p><div class=\"card\"><p>Com processos f\u00edsico-qu\u00edmicos diferenciados, as solu\u00e7\u00f5es <strong>ENTERI<\/strong> garantem resultados superiores na remo\u00e7\u00e3o de poluentes com\u00a0<b>alta efici\u00eancia energ\u00e9tica e baixo custo operacional.<\/b><\/p><p>Realizamos um tratamento mais completo, segregando e degradando contaminantes atrav\u00e9s de\u00a0<b>\u00f3xido-redu\u00e7\u00e3o e processos oxidativos avan\u00e7ados.<\/b><\/p><p><!-- Subcard: EOR --><\/p><div class=\"card\" style=\"margin-top: 1.5rem;\"><h4><strong>EOR:<\/strong> Esta\u00e7\u00e3o de \u00d3xido Redu\u00e7\u00e3o<\/h4><p>Tecnologia que promove a remo\u00e7\u00e3o eficiente de contaminantes atrav\u00e9s da libera\u00e7\u00e3o controlada de elementos ativos.<\/p><ul><li style=\"list-style-type: none;\"><ul style=\"list-style: none; padding: 0;\"><li style=\"list-style-type: none;\"><ul style=\"list-style: none; padding: 0;\"><li><span style=\"color: var(--primary);\"> \u00a0 \u00a0 \u00a0 \u00a0 \u00a0 \u00a0<strong>\u2713<\/strong><\/span> Oxida\u00e7\u00e3o de g\u00e1s sulf\u00eddrico;<br \/><ul style=\"list-style: none; padding: 0;\"><li style=\"list-style-type: none;\"><ul style=\"list-style: none; padding: 0;\"><li><span style=\"color: var(--primary);\"> \u00a0 \u00a0 \u00a0 \u00a0 \u00a0 \u00a0<strong>\u2713<\/strong><\/span> Remo\u00e7\u00e3o de metais pesados e \u00f3leos;<br \/><ul style=\"list-style: none; padding: 0;\"><li style=\"list-style-type: none;\"><ul style=\"list-style: none; padding: 0;\"><li><span style=\"color: var(--primary);\"> \u00a0 \u00a0 \u00a0 \u00a0 \u00a0 \u00a0<strong>\u2713<\/strong><\/span> Oxida\u00e7\u00e3o e redu\u00e7\u00e3o de contaminantes;<\/li><li><span style=\"color: var(--primary);\">\u00a0 \u00a0 \u00a0 \u00a0 \u00a0 \u00a0<strong>\u2713<\/strong> D<\/span>egrada\u00e7\u00e3o de compostos t\u00f3xicos e complexos<br \/><ul style=\"list-style: none; padding: 0;\"><li style=\"list-style-type: none;\"><ul style=\"list-style: none; padding: 0;\"><li><span style=\"color: var(--primary);\"> \u00a0 \u00a0 \u00a0 \u00a0 \u00a0 \u00a0<strong>\u2713<\/strong><\/span> Processo r\u00e1pido e control\u00e1vel;<br \/><ul style=\"list-style: none; padding: 0;\"><li style=\"list-style-type: none;\"><ul style=\"list-style: none; padding: 0;\"><li><span style=\"color: var(--primary);\"> \u00a0 \u00a0 \u00a0 \u00a0 \u00a0 \u00a0<strong>\u2713<\/strong><\/span> Clarifica\u00e7\u00e3o eficiente;<br \/><ul style=\"list-style: none; padding: 0;\"><li style=\"list-style-type: none;\"><ul style=\"list-style: none; padding: 0;\"><li><span style=\"color: var(--primary);\"> \u00a0 \u00a0 \u00a0 \u00a0 \u00a0 \u00a0<strong>\u2713<\/strong><\/span> Na maioria dos casos dispensa o uso de reagentes qu\u00edmicos.<\/li><\/ul><\/li><\/ul><\/li><\/ul><\/li><\/ul><\/li><\/ul><\/li><\/ul><\/li><\/ul><\/li><\/ul><\/li><\/ul><\/li><\/ul><\/li><\/ul><\/li><\/ul><\/li><\/ul><\/div><p><!-- Subcard: MDO --><\/p><div class=\"card\" style=\"margin-top: 1.5rem;\"><h4><strong>MDO:<\/strong> <em>Maximum Diffusion Oxigen<\/em><\/h4><p>Promove oxida\u00e7\u00e3o, quebra de emuls\u00f5es e micro flota\u00e7\u00e3o.<\/p><ul><li style=\"list-style-type: none;\"><ul style=\"list-style: none; padding: 0;\"><li style=\"list-style-type: none;\"><ul style=\"list-style: none; padding: 0;\"><li><span style=\"color: var(--primary);\"> \u00a0 \u00a0 \u00a0 \u00a0 \u00a0 \u00a0<strong>\u2713<\/strong><\/span> Reduz DQO, DBO e \u00f3leos emulsionados;<br \/><ul style=\"list-style: none; padding: 0;\"><li style=\"list-style-type: none;\"><ul style=\"list-style: none; padding: 0;\"><li><span style=\"color: var(--primary);\"> \u00a0 \u00a0 \u00a0 \u00a0 \u00a0 \u00a0<strong>\u2713<\/strong><\/span> Potencializa as rea\u00e7\u00f5es no reator EOR e tamb\u00e9m o processo de micro flota\u00e7\u00e3o.<\/li><\/ul><\/li><\/ul><\/li><\/ul><\/li><\/ul><\/li><\/ul><\/div><p><!-- Subcard: INJUVO --><\/p><div class=\"card\" style=\"margin-top: 1.5rem;\"><h4><strong>INJUVO:<\/strong> Oxida\u00e7\u00e3o Avan\u00e7ada<\/h4><p>Tecnologia avan\u00e7ada para a degrada\u00e7\u00e3o de compostos recalcitrantes.<\/p><ul><li style=\"list-style-type: none;\"><ul style=\"list-style: none; padding: 0;\"><li style=\"list-style-type: none;\"><ul style=\"list-style: none; padding: 0;\"><li><span style=\"color: var(--primary);\"> \u00a0 \u00a0 \u00a0 \u00a0 \u00a0 \u00a0<strong>\u2713 <\/strong><\/span>Oxida\u00e7\u00e3o profunda;<br \/><ul style=\"list-style: none; padding: 0;\"><li style=\"list-style-type: none;\"><ul style=\"list-style: none; padding: 0;\"><li><span style=\"color: var(--primary);\"> \u00a0 \u00a0 \u00a0 \u00a0 \u00a0 \u00a0<strong>\u2713<\/strong><\/span> Redu\u00e7\u00e3o de cor e odor;<br \/><ul style=\"list-style: none; padding: 0;\"><li style=\"list-style-type: none;\"><ul style=\"list-style: none; padding: 0;\"><li><span style=\"color: var(--primary);\"> \u00a0 \u00a0 \u00a0 \u00a0 \u00a0 \u00a0<strong>\u2713<\/strong><\/span> Inertiza\u00e7\u00e3o microbiol\u00f3gica de v\u00edrus, fungos e bact\u00e9rias.<\/li><\/ul><\/li><\/ul><\/li><\/ul><\/li><\/ul><\/li><\/ul><\/li><\/ul><\/li><\/ul><\/div><\/div><\/div><\/section>\t\t\t\t\t\t\t\t<\/div>\n\t\t\t\t<\/div>\n\t\t\t\t<\/div>\n\t\t<div class=\"elementor-element elementor-element-db6abbe e-flex e-con-boxed e-con e-parent\" data-id=\"db6abbe\" data-element_type=\"container\">\n\t\t\t\t\t<div class=\"e-con-inner\">\n\t\t\t\t\t<\/div>\n\t\t\t\t<\/div>\n\t\t<div class=\"elementor-element elementor-element-1f163a3 e-flex e-con-boxed e-con e-parent\" data-id=\"1f163a3\" data-element_type=\"container\">\n\t\t\t\t\t<div class=\"e-con-inner\">\n\t\t\t\t\t<\/div>\n\t\t\t\t<\/div>\n\t\t\t\t<\/div>\n\t\t","protected":false},"excerpt":{"rendered":"<p>Tecnologia Pr\u00f3pria \u00a0 Com processos f\u00edsico-qu\u00edmicos diferenciados, as solu\u00e7\u00f5es ENTERI garantem resultados superiores na remo\u00e7\u00e3o de poluentes com\u00a0alta efici\u00eancia energ\u00e9tica e baixo custo operacional. Realizamos um tratamento mais completo, segregando e degradando contaminantes atrav\u00e9s de\u00a0\u00f3xido-redu\u00e7\u00e3o e processos oxidativos avan\u00e7ados. EOR: Esta\u00e7\u00e3o de \u00d3xido Redu\u00e7\u00e3o Tecnologia que promove a remo\u00e7\u00e3o eficiente de contaminantes atrav\u00e9s da libera\u00e7\u00e3o [&hellip;]<\/p>\n","protected":false},"author":1,"featured_media":0,"parent":0,"menu_order":0,"comment_status":"closed","ping_status":"closed","template":"","meta":{"footnotes":""},"class_list":["post-1070","page","type-page","status-publish","hentry"],"_links":{"self":[{"href":"https:\/\/enteri.com.br\/index.php?rest_route=\/wp\/v2\/pages\/1070","targetHints":{"allow":["GET"]}}],"collection":[{"href":"https:\/\/enteri.com.br\/index.php?rest_route=\/wp\/v2\/pages"}],"about":[{"href":"https:\/\/enteri.com.br\/index.php?rest_route=\/wp\/v2\/types\/page"}],"author":[{"embeddable":true,"href":"https:\/\/enteri.com.br\/index.php?rest_route=\/wp\/v2\/users\/1"}],"replies":[{"embeddable":true,"href":"https:\/\/enteri.com.br\/index.php?rest_route=%2Fwp%2Fv2%2Fcomments&post=1070"}],"version-history":[{"count":124,"href":"https:\/\/enteri.com.br\/index.php?rest_route=\/wp\/v2\/pages\/1070\/revisions"}],"predecessor-version":[{"id":2421,"href":"https:\/\/enteri.com.br\/index.php?rest_route=\/wp\/v2\/pages\/1070\/revisions\/2421"}],"wp:attachment":[{"href":"https:\/\/enteri.com.br\/index.php?rest_route=%2Fwp%2Fv2%2Fmedia&parent=1070"}],"curies":[{"name":"wp","href":"https:\/\/api.w.org\/{rel}","templated":true}]}}